{"id":2673,"date":"2025-03-24T21:53:00","date_gmt":"2025-03-24T20:53:00","guid":{"rendered":"https:\/\/residenciaescolarsanjose.com\/?page_id=2673"},"modified":"2025-03-24T21:57:33","modified_gmt":"2025-03-24T20:57:33","slug":"admitidos24-25","status":"publish","type":"page","link":"https:\/\/residenciaescolarsanjose.com\/index.php\/admitidos24-25\/","title":{"rendered":"Listado DEFINITIVO de Admitidos y Excluidos para el curso 2024\/25"},"content":{"rendered":"<p><div class=\"fusion-fullwidth fullwidth-box fusion-builder-row-1 fusion-flex-container nonhundred-percent-fullwidth non-hundred-percent-height-scrolling\" style=\"--awb-border-radius-top-left:0px;--awb-border-radius-top-right:0px;--awb-border-radius-bottom-right:0px;--awb-border-radius-bottom-left:0px;--awb-flex-wrap:wrap;\" ><div class=\"fusion-builder-row fusion-row fusion-flex-align-items-flex-start fusion-flex-content-wrap\" style=\"max-width:1365px;margin-left: calc(-5% \/ 2 );margin-right: calc(-5% \/ 2 );\"><div class=\"fusion-layout-column fusion_builder_column fusion-builder-column-0 fusion_builder_column_1_1 1_1 fusion-flex-column\" style=\"--awb-bg-blend:overlay;--awb-bg-size:cover;--awb-width-large:100%;--awb-margin-top-large:0px;--awb-spacing-right-large:2.375%;--awb-margin-bottom-large:0px;--awb-spacing-left-large:2.375%;--awb-width-medium:100%;--awb-spacing-right-medium:2.375%;--awb-spacing-left-medium:2.375%;--awb-width-small:100%;--awb-spacing-right-small:2.375%;--awb-spacing-left-small:2.375%;\"><div class=\"fusion-column-wrapper fusion-flex-justify-content-flex-start fusion-content-layout-column\"><div class=\"fusion-text fusion-text-1\"><h2 class=\"\" data-start=\"399\" data-end=\"472\">\ud83d\udccb Listado Definitivo de Admitidos y Excluidos para el Curso 2024\/2025<\/h2>\n<p class=\"\" data-start=\"474\" data-end=\"723\">En cumplimiento de la normativa vigente y una vez finalizado el proceso de admisi\u00f3n, se publica el listado definitivo de alumnos y alumnas <strong data-start=\"613\" data-end=\"626\">admitidos<\/strong> y <strong data-start=\"629\" data-end=\"642\">excluidos<\/strong> para el pr\u00f3ximo curso acad\u00e9mico 2024\/2025 en la <strong data-start=\"691\" data-end=\"722\">Residencia Escolar San Jos\u00e9<\/strong>.<\/p>\n<p class=\"\" data-start=\"725\" data-end=\"796\">\ud83d\udc49<\/p>\n<p class=\"\" data-start=\"614\" data-end=\"704\">Puedes consultar los listados oficiales en formato PDF a trav\u00e9s de los siguientes enlaces:<\/p>\n<ul data-start=\"706\" data-end=\"1037\">\n<li class=\"\" data-start=\"706\" data-end=\"871\">\n<p class=\"\" data-start=\"708\" data-end=\"871\">\u2705 <strong data-start=\"711\" data-end=\"756\"><a href=\"https:\/\/residenciaescolarsanjose.com\/wp-content\/uploads\/2025\/03\/Listado-publico-definitivo-admitidos-2024-25.pdf\" target=\"_blank\" rel=\"noopener noreferrer\" style=\"color: var(--awb-color5);\">Listado definitivo de admitidos 2024\/2025<\/a><\/strong><\/p>\n<\/li>\n<li class=\"\" data-start=\"872\" data-end=\"1037\">\n<p class=\"\" data-start=\"874\" data-end=\"1037\">\u274c <a href=\"https:\/\/residenciaescolarsanjose.com\/wp-content\/uploads\/2025\/03\/Listado-publico-definitivo-denegados-2024-25.pdf\" target=\"_new\" rel=\"noopener\" data-start=\"876\" data-end=\"1037\"><strong data-start=\"877\" data-end=\"922\" style=\"color: var(--awb-color5);\">Listado definitivo de excluidos 2024\/2025<\/strong><\/a><\/p>\n<\/li>\n<\/ul>\n<blockquote data-start=\"1039\" data-end=\"1152\">\n<p class=\"\" data-start=\"1041\" data-end=\"1152\">\ud83d\udcc5 Fecha de publicaci\u00f3n: 18 de junio de 2024<br data-start=\"1085\" data-end=\"1088\">\ud83c\udfeb Centro: Residencia Escolar San Jos\u00e9 \u2013 V\u00e9lez-Rubio (Almer\u00eda)<\/p>\n<\/blockquote>\n<hr class=\"\" data-start=\"1154\" data-end=\"1157\">\n<h3 class=\"\" data-start=\"1159\" data-end=\"1190\">\u2139\ufe0f Indicaciones Importantes<\/h3>\n<ul data-start=\"1192\" data-end=\"1561\">\n<li class=\"\" data-start=\"1192\" data-end=\"1355\">\n<p class=\"\" data-start=\"1194\" data-end=\"1355\">Si tu solicitud figura en el listado de <strong data-start=\"1234\" data-end=\"1247\">admitidos<\/strong>, pr\u00f3ximamente recibir\u00e1s comunicaci\u00f3n directa con la informaci\u00f3n necesaria para formalizar tu incorporaci\u00f3n.<\/p>\n<\/li>\n<li class=\"\" data-start=\"1356\" data-end=\"1561\">\n<p class=\"\" data-start=\"1358\" data-end=\"1561\">Si tu solicitud aparece en el listado de <strong data-start=\"1399\" data-end=\"1412\">excluidos<\/strong>, puedes revisar los <strong data-start=\"1433\" data-end=\"1457\">motivos de exclusi\u00f3n<\/strong> en el mismo documento. Para cualquier aclaraci\u00f3n, te invitamos a contactar con la direcci\u00f3n del centro.<\/p>\n<\/li>\n<\/ul>\n<\/div><\/div><\/div><\/div><\/div><div class=\"fusion-fullwidth fullwidth-box fusion-builder-row-2 fusion-flex-container has-pattern-background has-mask-background nonhundred-percent-fullwidth non-hundred-percent-height-scrolling\" style=\"--awb-border-radius-top-left:0px;--awb-border-radius-top-right:0px;--awb-border-radius-bottom-right:0px;--awb-border-radius-bottom-left:0px;--awb-flex-wrap:wrap;\" ><div class=\"fusion-builder-row fusion-row fusion-flex-align-items-flex-start fusion-flex-content-wrap\" style=\"max-width:1365px;margin-left: calc(-5% \/ 2 );margin-right: calc(-5% \/ 2 );\"><\/div><\/div><\/p>\n","protected":false},"excerpt":{"rendered":"","protected":false},"author":1,"featured_media":0,"parent":0,"menu_order":0,"comment_status":"closed","ping_status":"closed","template":"","meta":{"content-type":"","footnotes":""},"class_list":["post-2673","page","type-page","status-publish","hentry"],"_links":{"self":[{"href":"https:\/\/residenciaescolarsanjose.com\/index.php\/wp-json\/wp\/v2\/pages\/2673","targetHints":{"allow":["GET"]}}],"collection":[{"href":"https:\/\/residenciaescolarsanjose.com\/index.php\/wp-json\/wp\/v2\/pages"}],"about":[{"href":"https:\/\/residenciaescolarsanjose.com\/index.php\/wp-json\/wp\/v2\/types\/page"}],"author":[{"embeddable":true,"href":"https:\/\/residenciaescolarsanjose.com\/index.php\/wp-json\/wp\/v2\/users\/1"}],"replies":[{"embeddable":true,"href":"https:\/\/residenciaescolarsanjose.com\/index.php\/wp-json\/wp\/v2\/comments?post=2673"}],"version-history":[{"count":3,"href":"https:\/\/residenciaescolarsanjose.com\/index.php\/wp-json\/wp\/v2\/pages\/2673\/revisions"}],"predecessor-version":[{"id":2975,"href":"https:\/\/residenciaescolarsanjose.com\/index.php\/wp-json\/wp\/v2\/pages\/2673\/revisions\/2975"}],"wp:attachment":[{"href":"https:\/\/residenciaescolarsanjose.com\/index.php\/wp-json\/wp\/v2\/media?parent=2673"}],"curies":[{"name":"wp","href":"https:\/\/api.w.org\/{rel}","templated":true}]}}