{"id":2401,"date":"2025-03-07T00:03:20","date_gmt":"2025-03-06T23:03:20","guid":{"rendered":"https:\/\/residenciaescolarsanjose.com\/?page_id=2401"},"modified":"2026-02-20T10:58:55","modified_gmt":"2026-02-20T09:58:55","slug":"multimedia","status":"publish","type":"page","link":"https:\/\/residenciaescolarsanjose.com\/index.php\/multimedia\/","title":{"rendered":"Multimedia"},"content":{"rendered":"<p><div class=\"fusion-fullwidth fullwidth-box fusion-builder-row-1 fusion-flex-container faded-background fusion-parallax-none nonhundred-percent-fullwidth non-hundred-percent-height-scrolling lazyload\" style=\"--awb-background-position:center top;--awb-background-repeat:repeat-x;--awb-border-sizes-left:3vw;--awb-border-sizes-right:3vw;--awb-border-color:var(--awb-color1);--awb-border-radius-top-left:0px;--awb-border-radius-top-right:0px;--awb-border-radius-bottom-right:0px;--awb-border-radius-bottom-left:0px;--awb-padding-top:224.842px;--awb-padding-right:0px;--awb-padding-bottom:61.9967px;--awb-padding-left:0px;--awb-padding-bottom-medium:8vw;--awb-padding-bottom-small:0px;--awb-margin-top:0px;--awb-margin-bottom:0px;--awb-margin-top-small:0px;--awb-background-size:cover;--awb-flex-wrap:wrap;\" data-bg=\"https:\/\/residenciaescolarsanjose.com\/wp-content\/uploads\/2025\/03\/happy-student-sitting-chair-scaled.jpg\" ><div class=\"fullwidth-faded lazyload\" style=\"--awb-background-color:var(--awb-color7);--awb-background-position:center top;--awb-background-repeat:repeat-x;--awb-background-size:cover;\" data-bg=\"https:\/\/residenciaescolarsanjose.com\/wp-content\/uploads\/2025\/03\/happy-student-sitting-chair-scaled.jpg\" ><\/div><div class=\"fusion-builder-row fusion-row fusion-flex-align-items-center fusion-flex-justify-content-space-around fusion-flex-content-wrap\" style=\"max-width:calc( 1300px + 7vw );margin-left: calc(-7vw \/ 2 );margin-right: calc(-7vw \/ 2 );\"><div class=\"fusion-layout-column fusion_builder_column fusion-builder-column-0 fusion_builder_column_1_1 1_1 fusion-flex-column fusion-animated\" style=\"--awb-bg-size:cover;--awb-width-large:100%;--awb-margin-top-large:0px;--awb-spacing-right-large:calc( 0.05 * calc( 100% - 7vw ) );--awb-margin-bottom-large:0px;--awb-spacing-left-large:3.5vw;--awb-width-medium:100%;--awb-spacing-right-medium:calc( 0.05 * calc( 100% - 7vw ) );--awb-spacing-left-medium:3.5vw;--awb-width-small:100%;--awb-spacing-right-small:3.5vw;--awb-margin-bottom-small:9vw;--awb-spacing-left-small:3.5vw;\" data-animationType=\"fadeInUp\" data-animationDuration=\"1.3\" data-animationOffset=\"top-into-view\"><div class=\"fusion-column-wrapper fusion-column-has-shadow fusion-flex-justify-content-center fusion-content-layout-column\"><div class=\"fusion-text fusion-text-1\" style=\"--awb-content-alignment:center;--awb-font-size:17px;--awb-text-color:var(--awb-color1);\"><h2 style=\"font-size: 38px;\"><span style=\"font-size: 67px; color: var(--awb-color3);\" data-fusion-font=\"true\">Multimedia<\/span><\/h2>\n<\/div><\/div><\/div><\/div><\/div><div class=\"fusion-fullwidth fullwidth-box fusion-builder-row-2 fusion-flex-container hundred-percent-fullwidth non-hundred-percent-height-scrolling\" style=\"--awb-border-color:var(--awb-color4);--awb-border-radius-top-left:0px;--awb-border-radius-top-right:0px;--awb-border-radius-bottom-right:0px;--awb-border-radius-bottom-left:0px;--awb-padding-top:0px;--awb-padding-right:0px;--awb-padding-bottom:0px;--awb-padding-left:0px;--awb-margin-bottom:0px;--awb-flex-wrap:wrap;\" ><div class=\"fusion-builder-row fusion-row fusion-flex-align-items-stretch fusion-flex-content-wrap\" style=\"width:calc( 100% + 0px ) !important;max-width:calc( 100% + 0px ) !important;margin-left: calc(-0px \/ 2 );margin-right: calc(-0px \/ 2 );\"><div class=\"fusion-layout-column fusion_builder_column fusion-builder-column-1 fusion_builder_column_1_1 1_1 fusion-flex-column\" style=\"--awb-padding-top:8vh;--awb-padding-right:8vw;--awb-padding-bottom:15vh;--awb-padding-left:8vw;--awb-padding-top-medium:8vw;--awb-padding-bottom-medium:8vw;--awb-padding-top-small:10vh;--awb-padding-bottom-small:10vh;--awb-bg-color:var(--awb-color2);--awb-bg-color-hover:var(--awb-color2);--awb-bg-size:cover;--awb-width-large:100%;--awb-margin-top-large:0px;--awb-spacing-right-large:0px;--awb-margin-bottom-large:0px;--awb-spacing-left-large:0px;--awb-width-medium:100%;--awb-order-medium:0;--awb-spacing-right-medium:0px;--awb-spacing-left-medium:0px;--awb-width-small:100%;--awb-order-small:1;--awb-spacing-right-small:0px;--awb-spacing-left-small:0px;\"><div class=\"fusion-column-wrapper fusion-column-has-shadow fusion-flex-justify-content-flex-start fusion-content-layout-column\"><div class=\"fusion-text fusion-text-2\" style=\"--awb-content-alignment:center;--awb-font-size:var(--awb-typography2-font-size);--awb-line-height:var(--awb-typography2-line-height);--awb-letter-spacing:var(--awb-typography2-letter-spacing);--awb-text-transform:var(--awb-typography2-text-transform);--awb-text-color:var(--awb-color5);--awb-text-font-family:var(--awb-typography2-font-family);--awb-text-font-weight:var(--awb-typography2-font-weight);--awb-text-font-style:var(--awb-typography2-font-style);\"><p>RESIDENCIA ESCOLAR sAN JOS\u00c9<\/p>\n<\/div><div class=\"fusion-title title fusion-title-1 fusion-no-small-visibility fusion-no-medium-visibility fusion-sep-none fusion-title-center fusion-title-text fusion-title-size-two\" style=\"--awb-margin-top:0px;--awb-margin-bottom:30px;--awb-font-size:55px;\"><h2 class=\"fusion-title-heading title-heading-center\" style=\"margin:0;font-size:1em;\">\ud83c\udfa5 Nuestro canal de YouTube<\/h2><\/div><div class=\"fusion-text fusion-text-3\" style=\"--awb-content-alignment:center;\"><p>En la Residencia Escolar San Jos\u00e9 compartimos nuestras actividades, proyectos y momentos especiales tambi\u00e9n a trav\u00e9s de nuestro canal de YouTube.<\/p>\n<p>Te invitamos a visitarlo para conocer m\u00e1s de cerca la vida en nuestra residencia y disfrutar de nuestros v\u00eddeos.<\/p>\n<p style=\"text-align: center;\" data-start=\"477\" data-end=\"517\">\n<\/div><div style=\"text-align:center;\"><a class=\"fusion-button button-flat button-xlarge button-default fusion-button-default button-1 fusion-button-default-span \" target=\"_self\" href=\"https:\/\/www.youtube.com\/@residenciaescolar\"><span class=\"fusion-button-text awb-button__text awb-button__text--default\">Visitar el canal<\/span><\/a><\/div><div class=\"fusion-video fusion-youtube\" style=\"--awb-max-width:600px;--awb-max-height:360px;--awb-align-self:center;--awb-width:100%;--awb-margin-top:45px;\"><div class=\"video-shortcode\"><div class=\"fluid-width-video-wrapper\" style=\"padding-top:60%;\" ><iframe title=\"Conoce la Residencia Escolar San Jos\u00e9\" src=\"https:\/\/www.youtube.com\/embed\/BaTHz-vpIyw?wmode=transparent&autoplay=0\" width=\"600\" height=\"360\" allowfullscreen allow=\"autoplay; clipboard-write; encrypted-media; gyroscope; picture-in-picture;\"><\/iframe><\/div><\/div><\/div><div class=\"fusion-text fusion-text-4\" style=\"--awb-content-alignment:center;\"><\/p>\n<p>Tambi\u00e9n compartimos el d\u00eda a d\u00eda de la Residencia Escolar San Jos\u00e9 en nuestro perfil de Instagram, donde podr\u00e9is conocer nuestras actividades, proyectos y momentos m\u00e1s destacados.<\/p>\n<\/p>\n<p style=\"text-align: center;\" data-start=\"477\" data-end=\"517\">\n<\/div><div class=\"fusion-image-element \" style=\"text-align:center;--awb-aspect-ratio: 100 \/ 39;--awb-caption-title-font-family:var(--h2_typography-font-family);--awb-caption-title-font-weight:var(--h2_typography-font-weight);--awb-caption-title-font-style:var(--h2_typography-font-style);--awb-caption-title-size:var(--h2_typography-font-size);--awb-caption-title-transform:var(--h2_typography-text-transform);--awb-caption-title-line-height:var(--h2_typography-line-height);--awb-caption-title-letter-spacing:var(--h2_typography-letter-spacing);\"><span class=\" fusion-imageframe imageframe-none imageframe-1 hover-type-none has-aspect-ratio\"><a class=\"fusion-no-lightbox\" href=\"https:\/\/www.instagram.com\/residencia_escolar_san_jose\/\" target=\"_self\" aria-label=\"SIGUENOS_ig\"><img decoding=\"async\" width=\"494\" height=\"210\" src=\"https:\/\/residenciaescolarsanjose.com\/wp-content\/uploads\/2026\/02\/SIGUENOS_ig.png\" data-orig-src=\"https:\/\/residenciaescolarsanjose.com\/wp-content\/uploads\/2026\/02\/SIGUENOS_ig.png\" class=\"lazyload img-responsive wp-image-2925 img-with-aspect-ratio\" data-parent-fit=\"cover\" data-parent-container=\".fusion-image-element\" alt srcset=\"data:image\/svg+xml,%3Csvg%20xmlns%3D%27http%3A%2F%2Fwww.w3.org%2F2000%2Fsvg%27%20width%3D%27494%27%20height%3D%27210%27%20viewBox%3D%270%200%20494%20210%27%3E%3Crect%20width%3D%27494%27%20height%3D%27210%27%20fill-opacity%3D%220%22%2F%3E%3C%2Fsvg%3E\" data-srcset=\"https:\/\/residenciaescolarsanjose.com\/wp-content\/uploads\/2026\/02\/SIGUENOS_ig-200x85.png 200w, https:\/\/residenciaescolarsanjose.com\/wp-content\/uploads\/2026\/02\/SIGUENOS_ig-400x170.png 400w, https:\/\/residenciaescolarsanjose.com\/wp-content\/uploads\/2026\/02\/SIGUENOS_ig.png 494w\" data-sizes=\"auto\" data-orig-sizes=\"(max-width: 700px) 100vw, 494px\" \/><\/a><\/span><\/div><\/div><\/div><\/div><\/div><\/p>\n","protected":false},"excerpt":{"rendered":"","protected":false},"author":1,"featured_media":0,"parent":0,"menu_order":0,"comment_status":"closed","ping_status":"closed","template":"100-width.php","meta":{"content-type":"","footnotes":""},"class_list":["post-2401","page","type-page","status-publish","hentry"],"_links":{"self":[{"href":"https:\/\/residenciaescolarsanjose.com\/index.php\/wp-json\/wp\/v2\/pages\/2401","targetHints":{"allow":["GET"]}}],"collection":[{"href":"https:\/\/residenciaescolarsanjose.com\/index.php\/wp-json\/wp\/v2\/pages"}],"about":[{"href":"https:\/\/residenciaescolarsanjose.com\/index.php\/wp-json\/wp\/v2\/types\/page"}],"author":[{"embeddable":true,"href":"https:\/\/residenciaescolarsanjose.com\/index.php\/wp-json\/wp\/v2\/users\/1"}],"replies":[{"embeddable":true,"href":"https:\/\/residenciaescolarsanjose.com\/index.php\/wp-json\/wp\/v2\/comments?post=2401"}],"version-history":[{"count":20,"href":"https:\/\/residenciaescolarsanjose.com\/index.php\/wp-json\/wp\/v2\/pages\/2401\/revisions"}],"predecessor-version":[{"id":2926,"href":"https:\/\/residenciaescolarsanjose.com\/index.php\/wp-json\/wp\/v2\/pages\/2401\/revisions\/2926"}],"wp:attachment":[{"href":"https:\/\/residenciaescolarsanjose.com\/index.php\/wp-json\/wp\/v2\/media?parent=2401"}],"curies":[{"name":"wp","href":"https:\/\/api.w.org\/{rel}","templated":true}]}}