{"id":2351,"date":"2025-03-06T23:04:38","date_gmt":"2025-03-06T22:04:38","guid":{"rendered":"https:\/\/residenciaescolarsanjose.com\/?page_id=2351"},"modified":"2025-03-06T23:52:42","modified_gmt":"2025-03-06T22:52:42","slug":"politica-de-privacidad","status":"publish","type":"page","link":"https:\/\/residenciaescolarsanjose.com\/index.php\/politica-de-privacidad\/","title":{"rendered":"Pol\u00edtica de privacidad"},"content":{"rendered":"<p><div class=\"fusion-fullwidth fullwidth-box fusion-builder-row-1 fusion-flex-container nonhundred-percent-fullwidth non-hundred-percent-height-scrolling\" style=\"--awb-border-radius-top-left:0px;--awb-border-radius-top-right:0px;--awb-border-radius-bottom-right:0px;--awb-border-radius-bottom-left:0px;--awb-flex-wrap:wrap;\" ><div class=\"fusion-builder-row fusion-row fusion-flex-align-items-flex-start fusion-flex-content-wrap\" style=\"max-width:1365px;margin-left: calc(-5% \/ 2 );margin-right: calc(-5% \/ 2 );\"><div class=\"fusion-layout-column fusion_builder_column fusion-builder-column-0 fusion_builder_column_1_1 1_1 fusion-flex-column\" style=\"--awb-bg-blend:overlay;--awb-bg-size:cover;--awb-width-large:100%;--awb-margin-top-large:0px;--awb-spacing-right-large:2.375%;--awb-margin-bottom-large:0px;--awb-spacing-left-large:2.375%;--awb-width-medium:100%;--awb-spacing-right-medium:2.375%;--awb-spacing-left-medium:2.375%;--awb-width-small:100%;--awb-spacing-right-small:2.375%;--awb-spacing-left-small:2.375%;\"><div class=\"fusion-column-wrapper fusion-flex-justify-content-flex-start fusion-content-layout-column\"><div class=\"fusion-text fusion-text-1\"><h1 style=\"color: #0024c6; margin-bottom: 20px; text-align: center;\"><\/h1>\n<h1 style=\"text-align: center;\">Pol\u00edtica de Privacidad de la Residencia Escolar San Jos\u00e9<\/h1>\n<h2 data-start=\"302\" data-end=\"317\"><strong>Introducci\u00f3n<\/strong><\/h2>\n<p data-start=\"319\" data-end=\"918\">Para <strong data-start=\"324\" data-end=\"355\">Residencia Escolar San Jos\u00e9<\/strong>, propietaria de esta p\u00e1gina web y de la marca <strong data-start=\"402\" data-end=\"433\">Residencia Escolar San Jos\u00e9<\/strong>, la protecci\u00f3n de la informaci\u00f3n personal de nuestros usuarios es un aspecto de m\u00e1xima importancia. Garantizamos la seguridad y confidencialidad de los datos personales de los usuarios que acceden a nuestros servicios a trav\u00e9s del portal web oficial. Por ello, recomendamos a todos los usuarios la lectura atenta de la presente <strong data-start=\"762\" data-end=\"788\">Pol\u00edtica de Privacidad<\/strong>, ya que la informaci\u00f3n personal facilitada a trav\u00e9s de esta p\u00e1gina web queda protegida conforme a lo dispuesto en este documento.<\/p>\n<p data-start=\"920\" data-end=\"1028\">El acceso y uso de esta web implica la aceptaci\u00f3n expresa y sin reservas de esta <strong data-start=\"1001\" data-end=\"1027\">Pol\u00edtica de Privacidad<\/strong>.<\/p>\n<h2 data-start=\"1035\" data-end=\"1100\"><\/h2>\n<h2 data-start=\"1035\" data-end=\"1100\"><strong>Cuadro resumen de informaci\u00f3n b\u00e1sica sobre protecci\u00f3n de datos<\/strong><\/h2>\n<table style=\"width: 100%; border-collapse: collapse; border: 1px solid #ccc;\">\n<thead>\n<tr style=\"background-color: #f2f2f2;\">\n<td style=\"border: 1px solid #ccc; padding: 8px; font-weight: bold;\">Responsable<\/td>\n<td style=\"border: 1px solid #ccc; padding: 8px;\">Residencia Escolar San Jos\u00e9<\/td>\n<\/tr>\n<tr>\n<td style=\"border: 1px solid #ccc; padding: 8px; font-weight: bold;\">Finalidades<\/td>\n<td style=\"border: 1px solid #ccc; padding: 8px;\">Mostrar los servicios desarrollados por <strong>Residencia Escolar San Jos\u00e9<\/strong>. Gesti\u00f3n y respuesta a consultas online. Env\u00edo de informaci\u00f3n relevante, avisos, publicidad e informaci\u00f3n de eventos. Para m\u00e1s informaci\u00f3n, contin\u00fae la lectura.<\/td>\n<\/tr>\n<tr>\n<td style=\"border: 1px solid #ccc; padding: 8px; font-weight: bold;\">Legitimaci\u00f3n<\/td>\n<td style=\"border: 1px solid #ccc; padding: 8px;\">Consentimiento del interesado. Para m\u00e1s informaci\u00f3n, contin\u00fae la lectura.<\/td>\n<\/tr>\n<tr>\n<td style=\"border: 1px solid #ccc; padding: 8px; font-weight: bold;\">Destinatarios<\/td>\n<td style=\"border: 1px solid #ccc; padding: 8px;\">No se ceder\u00e1n datos a terceros, salvo obligaci\u00f3n legal. Podr\u00e1n cederse resultados anal\u00edticos por petici\u00f3n de herramientas instaladas. Para m\u00e1s informaci\u00f3n, consulte la pol\u00edtica de Cookies.<\/td>\n<\/tr>\n<tr>\n<td style=\"border: 1px solid #ccc; padding: 8px; font-weight: bold;\">Derechos<\/td>\n<td style=\"border: 1px solid #ccc; padding: 8px;\">Acceder, rectificar y suprimir los datos, limitar y oponerse al tratamiento, solicitar la portabilidad de los datos y retirar el consentimiento en cualquier momento.<\/td>\n<\/tr>\n<tr>\n<td style=\"border: 1px solid #ccc; padding: 8px; font-weight: bold;\">Informaci\u00f3n adicional<\/td>\n<td style=\"border: 1px solid #ccc; padding: 8px;\">Puede consultar la informaci\u00f3n adicional y detallada sobre Protecci\u00f3n de Datos continuando con la lectura del presente aviso.<\/td>\n<\/tr>\n<\/thead>\n<\/table>\n<h2 data-start=\"2057\" data-end=\"2107\"><\/h2>\n<h2 data-start=\"2057\" data-end=\"2107\"><strong>\u00bfQu\u00e9 significa tratamiento de datos personales?<\/strong><\/h2>\n<p data-start=\"2109\" data-end=\"2394\">Se entiende por <strong data-start=\"2125\" data-end=\"2160\">tratamiento de datos personales<\/strong> cualquier operaci\u00f3n o conjunto de operaciones, realizadas por procedimientos automatizados o no, sobre datos personales: recopilaci\u00f3n, almacenamiento, modificaci\u00f3n, conservaci\u00f3n, comunicaci\u00f3n, cesi\u00f3n, consulta, bloqueo o eliminaci\u00f3n.<\/p>\n<h2 data-start=\"2401\" data-end=\"2434\"><strong>Consentimiento y uso de la web<\/strong><\/h2>\n<p data-start=\"2436\" data-end=\"2745\">Previamente al env\u00edo de cualquier solicitud de informaci\u00f3n a trav\u00e9s de esta web, el usuario acepta haber le\u00eddo y comprendido la presente <strong data-start=\"2573\" data-end=\"2599\">Pol\u00edtica de Privacidad<\/strong>, otorgando as\u00ed su consentimiento libre, inequ\u00edvoco, espec\u00edfico e informado al tratamiento de sus datos personales para las finalidades descritas.<\/p>\n<h2 data-start=\"2752\" data-end=\"2782\"><\/h2>\n<h2 data-start=\"2752\" data-end=\"2782\"><strong>Responsable del tratamiento<\/strong><\/h2>\n<ul data-start=\"2784\" data-end=\"3099\">\n<li data-start=\"2784\" data-end=\"2831\"><strong data-start=\"2786\" data-end=\"2802\">Denominaci\u00f3n<\/strong>: Residencia Escolar San Jos\u00e9<\/li>\n<li data-start=\"2832\" data-end=\"2933\"><strong data-start=\"2834\" data-end=\"2847\">Direcci\u00f3n<\/strong>: (Aqu\u00ed se debe indicar la direcci\u00f3n postal oficial de la Residencia Escolar San Jos\u00e9)<\/li>\n<li data-start=\"2934\" data-end=\"2987\"><strong data-start=\"2936\" data-end=\"2948\">Tel\u00e9fono<\/strong>: (N\u00famero de contacto de la residencia)<\/li>\n<li data-start=\"2988\" data-end=\"3054\"><strong data-start=\"2990\" data-end=\"3012\">Correo electr\u00f3nico<\/strong>: (Correo electr\u00f3nico oficial de contacto)<\/li>\n<li data-start=\"3055\" data-end=\"3099\"><strong data-start=\"3057\" data-end=\"3070\">Sitio web<\/strong>: (URL oficial del sitio web)<\/li>\n<\/ul>\n<p data-start=\"3101\" data-end=\"3403\">La <strong data-start=\"3104\" data-end=\"3135\">Residencia Escolar San Jos\u00e9<\/strong> garantiza la confidencialidad de los datos personales facilitados, aplicando medidas de seguridad adecuadas conforme al <strong data-start=\"3256\" data-end=\"3291\">Reglamento (UE) 2016\/679 (RGPD)<\/strong> y la <strong data-start=\"3297\" data-end=\"3402\">Ley Org\u00e1nica 3\/2018, de Protecci\u00f3n de Datos Personales y Garant\u00eda de los Derechos Digitales (LOPDGDD)<\/strong>.<\/p>\n<h2 data-start=\"3410\" data-end=\"3440\"><strong>Finalidades del tratamiento<\/strong><\/h2>\n<p data-start=\"3442\" data-end=\"3551\">La <strong data-start=\"3445\" data-end=\"3476\">Residencia Escolar San Jos\u00e9<\/strong> utilizar\u00e1 los datos personales facilitados a trav\u00e9s de la p\u00e1gina web para:<\/p>\n<ul data-start=\"3553\" data-end=\"4199\">\n<li data-start=\"3553\" data-end=\"3623\">Gestionar la prestaci\u00f3n de los servicios educativos y residenciales.<\/li>\n<li data-start=\"3624\" data-end=\"3688\">Atender consultas, solicitudes de informaci\u00f3n o inscripciones.<\/li>\n<li data-start=\"3689\" data-end=\"3807\">Enviar comunicaciones informativas sobre la residencia (actividades, eventos, normativas, avisos importantes, etc.).<\/li>\n<li data-start=\"3808\" data-end=\"3896\">Realizar gestiones administrativas vinculadas a la relaci\u00f3n con residentes y familias.<\/li>\n<li data-start=\"3897\" data-end=\"4022\">Gestionar la presencia de la residencia en redes sociales, aplicando los t\u00e9rminos y condiciones propios de cada plataforma.<\/li>\n<li data-start=\"4023\" data-end=\"4130\">Realizar an\u00e1lisis estad\u00edsticos de tr\u00e1fico y comportamiento de los usuarios en la web con fines de mejora.<\/li>\n<li data-start=\"4131\" data-end=\"4199\">Garantizar el cumplimiento de las obligaciones legales aplicables.<\/li>\n<\/ul>\n<p data-start=\"4201\" data-end=\"4314\">Los datos personales facilitados no ser\u00e1n utilizados para finalidades distintas a las indicadas en esta pol\u00edtica.<\/p>\n<h2 data-start=\"4321\" data-end=\"4356\"><strong>Legitimaci\u00f3n para el tratamiento<\/strong><\/h2>\n<p data-start=\"4358\" data-end=\"4426\">La <strong data-start=\"4361\" data-end=\"4378\">base jur\u00eddica<\/strong> para el tratamiento de los datos personales es:<\/p>\n<ul data-start=\"4428\" data-end=\"4712\">\n<li data-start=\"4428\" data-end=\"4508\"><strong data-start=\"4430\" data-end=\"4470\">Ejecuci\u00f3n de la relaci\u00f3n contractual<\/strong> (alojamiento y servicios educativos).<\/li>\n<li data-start=\"4509\" data-end=\"4592\"><strong data-start=\"4511\" data-end=\"4537\">Consentimiento expreso<\/strong> del interesado para el env\u00edo de informaci\u00f3n adicional.<\/li>\n<li data-start=\"4593\" data-end=\"4712\"><strong data-start=\"4595\" data-end=\"4615\">Inter\u00e9s leg\u00edtimo<\/strong> de la residencia para la mejora de la plataforma digital y la prestaci\u00f3n de servicios adaptados.<\/li>\n<\/ul>\n<h2 data-start=\"4719\" data-end=\"4737\"><\/h2>\n<h2 data-start=\"4719\" data-end=\"4737\"><strong>Cesi\u00f3n de datos<\/strong><\/h2>\n<p data-start=\"4739\" data-end=\"4888\">La <strong data-start=\"4742\" data-end=\"4773\">Residencia Escolar San Jos\u00e9<\/strong> no ceder\u00e1 los datos personales a terceros, salvo en cumplimiento de una obligaci\u00f3n legal o requerimiento judicial.<\/p>\n<p data-start=\"4890\" data-end=\"5229\">En cuanto a los datos anal\u00edticos recopilados a trav\u00e9s de cookies o herramientas de terceros (Google Analytics u otras), estos podr\u00e1n ser transmitidos fuera del Espacio Econ\u00f3mico Europeo, garantiz\u00e1ndose que se adoptan las medidas adecuadas conforme a la normativa europea y las directrices de la <strong data-start=\"5185\" data-end=\"5228\">Agencia Espa\u00f1ola de Protecci\u00f3n de Datos<\/strong>.<\/p>\n<h2 data-start=\"5236\" data-end=\"5264\"><\/h2>\n<h2 data-start=\"5236\" data-end=\"5264\"><strong>Encargados de tratamiento<\/strong><\/h2>\n<p data-start=\"5266\" data-end=\"5490\">La <strong data-start=\"5269\" data-end=\"5300\">Residencia Escolar San Jos\u00e9<\/strong> selecciona proveedores que garantizan el cumplimiento de la normativa en materia de protecci\u00f3n de datos, suscribiendo contratos de encargado de tratamiento conforme al art\u00edculo 28 del RGPD.<\/p>\n<h2 data-start=\"5497\" data-end=\"5538\"><\/h2>\n<h2 data-start=\"5497\" data-end=\"5538\"><strong>Tratamiento de datos en redes sociales<\/strong><\/h2>\n<p data-start=\"5540\" data-end=\"5735\">La <strong data-start=\"5543\" data-end=\"5574\">Residencia Escolar San Jos\u00e9<\/strong> mantiene perfiles oficiales en redes sociales con la finalidad de difundir informaci\u00f3n de inter\u00e9s y facilitar la interacci\u00f3n con familias y comunidad educativa.<\/p>\n<p data-start=\"5737\" data-end=\"5937\">El tratamiento de datos personales en redes sociales se regir\u00e1 por la presente <strong data-start=\"5816\" data-end=\"5842\">Pol\u00edtica de Privacidad<\/strong>, as\u00ed como por las condiciones de uso, pol\u00edticas de privacidad y normativas de cada plataforma.<\/p>\n<h2 data-start=\"5944\" data-end=\"5971\"><\/h2>\n<h2 data-start=\"5944\" data-end=\"5971\"><strong>Derechos de los usuarios<\/strong><\/h2>\n<p data-start=\"5973\" data-end=\"6025\">Los usuarios pueden ejercer los siguientes derechos:<\/p>\n<ul data-start=\"6027\" data-end=\"6301\">\n<li data-start=\"6027\" data-end=\"6052\"><strong data-start=\"6029\" data-end=\"6039\">Acceso<\/strong> a sus datos.<\/li>\n<li data-start=\"6053\" data-end=\"6092\"><strong data-start=\"6055\" data-end=\"6072\">Rectificaci\u00f3n<\/strong> de datos inexactos.<\/li>\n<li data-start=\"6093\" data-end=\"6129\"><strong data-start=\"6095\" data-end=\"6108\">Supresi\u00f3n<\/strong> (derecho al olvido).<\/li>\n<li data-start=\"6130\" data-end=\"6163\"><strong data-start=\"6132\" data-end=\"6146\">Limitaci\u00f3n<\/strong> del tratamiento.<\/li>\n<li data-start=\"6164\" data-end=\"6195\"><strong data-start=\"6166\" data-end=\"6179\">Oposici\u00f3n<\/strong> al tratamiento.<\/li>\n<li data-start=\"6196\" data-end=\"6247\"><strong data-start=\"6198\" data-end=\"6214\">Portabilidad<\/strong> de los datos a otro responsable.<\/li>\n<li data-start=\"6248\" data-end=\"6301\"><strong data-start=\"6250\" data-end=\"6279\">Retirar el consentimiento<\/strong> en cualquier momento.<\/li>\n<\/ul>\n<p data-start=\"6303\" data-end=\"6526\">El ejercicio de estos derechos puede realizarse a trav\u00e9s del correo electr\u00f3nico (indicar email de contacto) o mediante escrito dirigido a la direcci\u00f3n postal indicada, adjuntando copia del DNI u otro documento acreditativo.<\/p>\n<p data-start=\"6528\" data-end=\"6719\">Tambi\u00e9n se informa del derecho a presentar una reclamaci\u00f3n ante la <strong data-start=\"6595\" data-end=\"6652\">Agencia Espa\u00f1ola de Protecci\u00f3n de Datos (<a href=\"http:\/\/www.aepd.es\" target=\"_new\" rel=\"noopener\" data-start=\"6638\" data-end=\"6649\">www.aepd.es<\/a>)<\/strong> si considera que sus derechos no han sido atendidos adecuadamente.<\/p>\n<h2 data-start=\"6726\" data-end=\"6754\"><\/h2>\n<h2 data-start=\"6726\" data-end=\"6754\"><strong>Conservaci\u00f3n de los datos<\/strong><\/h2>\n<p data-start=\"6756\" data-end=\"6792\">Los datos personales se conservar\u00e1n:<\/p>\n<ul data-start=\"6794\" data-end=\"6978\">\n<li data-start=\"6794\" data-end=\"6854\">Mientras se mantenga la relaci\u00f3n con el usuario o familia.<\/li>\n<li data-start=\"6855\" data-end=\"6932\">Durante el plazo necesario para atender posibles responsabilidades legales.<\/li>\n<li data-start=\"6933\" data-end=\"6978\">Hasta que el usuario solicite su supresi\u00f3n.<\/li>\n<\/ul>\n<h2 data-start=\"6985\" data-end=\"7010\"><\/h2>\n<h2 data-start=\"6985\" data-end=\"7010\"><strong>Seguridad de los datos<\/strong><\/h2>\n<p data-start=\"7012\" data-end=\"7220\">La <strong data-start=\"7015\" data-end=\"7046\">Residencia Escolar San Jos\u00e9<\/strong> aplica medidas t\u00e9cnicas y organizativas apropiadas para garantizar la seguridad de los datos personales, evitando su alteraci\u00f3n, p\u00e9rdida, tratamiento o acceso no autorizado.<\/p>\n<h2 data-start=\"7227\" data-end=\"7251\"><\/h2>\n<h2 data-start=\"7227\" data-end=\"7251\"><strong>Privacidad de menores<\/strong><\/h2>\n<p data-start=\"7253\" data-end=\"7425\">En cumplimiento de la normativa vigente, el tratamiento de datos de menores de 14 a\u00f1os requerir\u00e1 el consentimiento previo y expreso de sus padres, madres o tutores legales.<\/p>\n<h2 data-start=\"7432\" data-end=\"7466\"><strong>Responsabilidad de los usuarios<\/strong><\/h2>\n<p data-start=\"7468\" data-end=\"7605\">El usuario garantiza que los datos facilitados son veraces, siendo responsable de cualquier da\u00f1o derivado de la falsedad de dichos datos.<\/p>\n<h2 data-start=\"7612\" data-end=\"7634\"><\/h2>\n<h2 data-start=\"7612\" data-end=\"7634\"><strong>Pol\u00edtica de cookies<\/strong><\/h2>\n<p data-start=\"7636\" data-end=\"7822\">Puede consultar la <strong data-start=\"7655\" data-end=\"7678\">Pol\u00edtica de Cookies<\/strong> espec\u00edfica en el enlace correspondiente, donde se detalla el uso de cookies propias y de terceros, as\u00ed como las opciones para su configuraci\u00f3n.<\/p>\n<h2 data-start=\"7829\" data-end=\"7859\"><\/h2>\n<h2 data-start=\"7829\" data-end=\"7859\"><strong>Modificaci\u00f3n de la pol\u00edtica<\/strong><\/h2>\n<p data-start=\"7861\" data-end=\"8051\">La <strong data-start=\"7864\" data-end=\"7895\">Residencia Escolar San Jos\u00e9<\/strong> se reserva el derecho de modificar esta <strong data-start=\"7936\" data-end=\"7962\">Pol\u00edtica de Privacidad<\/strong> en cualquier momento. La versi\u00f3n actualizada estar\u00e1 siempre disponible en el portal web.<\/p>\n<h1 style=\"color: #0024c6; margin-bottom: 20px; text-align: center;\"><\/h1>\n<\/div><\/div><\/div><\/div><\/div><div class=\"fusion-fullwidth fullwidth-box fusion-builder-row-2 fusion-flex-container has-pattern-background has-mask-background nonhundred-percent-fullwidth non-hundred-percent-height-scrolling\" style=\"--awb-border-radius-top-left:0px;--awb-border-radius-top-right:0px;--awb-border-radius-bottom-right:0px;--awb-border-radius-bottom-left:0px;--awb-flex-wrap:wrap;\" ><div class=\"fusion-builder-row fusion-row fusion-flex-align-items-flex-start fusion-flex-content-wrap\" style=\"max-width:1365px;margin-left: calc(-5% \/ 2 );margin-right: calc(-5% \/ 2 );\"><\/div><\/div><\/p>\n","protected":false},"excerpt":{"rendered":"","protected":false},"author":1,"featured_media":0,"parent":0,"menu_order":0,"comment_status":"closed","ping_status":"open","template":"","meta":{"content-type":"","footnotes":""},"class_list":["post-2351","page","type-page","status-publish","hentry"],"_links":{"self":[{"href":"https:\/\/residenciaescolarsanjose.com\/index.php\/wp-json\/wp\/v2\/pages\/2351","targetHints":{"allow":["GET"]}}],"collection":[{"href":"https:\/\/residenciaescolarsanjose.com\/index.php\/wp-json\/wp\/v2\/pages"}],"about":[{"href":"https:\/\/residenciaescolarsanjose.com\/index.php\/wp-json\/wp\/v2\/types\/page"}],"author":[{"embeddable":true,"href":"https:\/\/residenciaescolarsanjose.com\/index.php\/wp-json\/wp\/v2\/users\/1"}],"replies":[{"embeddable":true,"href":"https:\/\/residenciaescolarsanjose.com\/index.php\/wp-json\/wp\/v2\/comments?post=2351"}],"version-history":[{"count":2,"href":"https:\/\/residenciaescolarsanjose.com\/index.php\/wp-json\/wp\/v2\/pages\/2351\/revisions"}],"predecessor-version":[{"id":2386,"href":"https:\/\/residenciaescolarsanjose.com\/index.php\/wp-json\/wp\/v2\/pages\/2351\/revisions\/2386"}],"wp:attachment":[{"href":"https:\/\/residenciaescolarsanjose.com\/index.php\/wp-json\/wp\/v2\/media?parent=2351"}],"curies":[{"name":"wp","href":"https:\/\/api.w.org\/{rel}","templated":true}]}}