{"id":1142,"date":"2020-10-15T17:26:20","date_gmt":"2020-10-15T17:26:20","guid":{"rendered":"https:\/\/avadawebsites.wpengine.com\/psychology\/?page_id=1142"},"modified":"2025-03-06T22:21:56","modified_gmt":"2025-03-06T21:21:56","slug":"resources","status":"publish","type":"page","link":"https:\/\/residenciaescolarsanjose.com\/index.php\/resources\/","title":{"rendered":"Blog de la Residencia Escolar San Jos\u00e9"},"content":{"rendered":"<div class=\"fusion-fullwidth fullwidth-box fusion-builder-row-1 fusion-flex-container nonhundred-percent-fullwidth non-hundred-percent-height-scrolling\" style=\"--awb-border-radius-top-left:0px;--awb-border-radius-top-right:0px;--awb-border-radius-bottom-right:0px;--awb-border-radius-bottom-left:0px;--awb-padding-top:1vw;--awb-flex-wrap:wrap;\" ><div class=\"fusion-builder-row fusion-row fusion-flex-align-items-flex-start fusion-flex-content-wrap\" style=\"max-width:1365px;margin-left: calc(-5% \/ 2 );margin-right: calc(-5% \/ 2 );\"><div class=\"fusion-layout-column fusion_builder_column fusion-builder-column-0 fusion_builder_column_1_3 1_3 fusion-flex-column\" style=\"--awb-bg-blend:overlay;--awb-bg-size:cover;--awb-width-large:33.333333333333%;--awb-margin-top-large:0px;--awb-spacing-right-large:5.7%;--awb-margin-bottom-large:0px;--awb-spacing-left-large:7.125%;--awb-width-medium:33.333333333333%;--awb-spacing-right-medium:5.7%;--awb-spacing-left-medium:7.125%;--awb-width-small:100%;--awb-spacing-right-small:2.375%;--awb-spacing-left-small:2.375%;\"><div class=\"fusion-column-wrapper fusion-flex-justify-content-flex-start fusion-content-layout-column\"><div class=\"fusion-title title fusion-title-1 fusion-sep-none fusion-title-text fusion-title-size-two\" style=\"--awb-margin-top:0px;--awb-margin-bottom:0px;\"><h2 class=\"fusion-title-heading title-heading-left\" style=\"margin:0;line-height:1.3em;\">Cada d\u00eda es una nueva oportunidad para aprender, crecer y compartir experiencias que nos enriquecen a todos.<\/h2><\/div><\/div><\/div><div class=\"fusion-layout-column fusion_builder_column fusion-builder-column-1 fusion_builder_column_1_3 1_3 fusion-flex-column\" style=\"--awb-padding-top:10px;--awb-bg-blend:overlay;--awb-bg-size:cover;--awb-width-large:33.333333333333%;--awb-margin-top-large:0px;--awb-spacing-right-large:5.7%;--awb-margin-bottom-large:0px;--awb-spacing-left-large:5.7%;--awb-width-medium:33.333333333333%;--awb-spacing-right-medium:5.7%;--awb-spacing-left-medium:5.7%;--awb-width-small:100%;--awb-spacing-right-small:2.375%;--awb-spacing-left-small:2.375%;\"><div class=\"fusion-column-wrapper fusion-flex-justify-content-flex-start fusion-content-layout-column\"><div class=\"fusion-text fusion-text-1\"><p>En el Blog de la Residencia Escolar San Jos\u00e9 te mantenemos al d\u00eda con noticias, actividades y consejos \u00fatiles para estudiantes y familias. Descubre c\u00f3mo vivimos y aprendemos juntos cada d\u00eda.<\/p>\n<\/div><\/div><\/div><div class=\"fusion-layout-column fusion_builder_column fusion-builder-column-2 fusion_builder_column_1_3 1_3 fusion-flex-column\" style=\"--awb-padding-top:10px;--awb-bg-blend:overlay;--awb-bg-size:cover;--awb-width-large:33.333333333333%;--awb-margin-top-large:0px;--awb-spacing-right-large:7.125%;--awb-margin-bottom-large:0px;--awb-spacing-left-large:5.7%;--awb-width-medium:33.333333333333%;--awb-spacing-right-medium:7.125%;--awb-spacing-left-medium:5.7%;--awb-width-small:100%;--awb-spacing-right-small:2.375%;--awb-spacing-left-small:2.375%;\"><div class=\"fusion-column-wrapper fusion-flex-justify-content-flex-start fusion-content-layout-column\"><div class=\"fusion-text fusion-text-2\"><p>\u00bfQuieres conocer m\u00e1s sobre nuestra residencia? Te invitamos a explorar nuestras secciones con recomendaciones, experiencias y toda la informaci\u00f3n necesaria para aprovechar al m\u00e1ximo tu estancia.<\/p>\n<\/div><\/div><\/div><div class=\"fusion-layout-column fusion_builder_column fusion-builder-column-3 fusion_builder_column_1_1 1_1 fusion-flex-column\" style=\"--awb-bg-size:cover;--awb-width-large:100%;--awb-margin-top-large:0px;--awb-spacing-right-large:2.375%;--awb-margin-bottom-large:20px;--awb-spacing-left-large:2.375%;--awb-width-medium:100%;--awb-order-medium:0;--awb-spacing-right-medium:2.375%;--awb-spacing-left-medium:2.375%;--awb-width-small:100%;--awb-order-small:0;--awb-spacing-right-small:2.375%;--awb-spacing-left-small:2.375%;\"><div class=\"fusion-column-wrapper fusion-column-has-shadow fusion-flex-justify-content-flex-start fusion-content-layout-column\"><div class=\"fusion-separator fusion-full-width-sep\" style=\"align-self: center;margin-left: auto;margin-right: auto;margin-top:3vw;margin-bottom:3.5vw;width:100%;\"><div class=\"fusion-separator-border sep-single sep-solid\" style=\"--awb-height:20px;--awb-amount:20px;border-color:var(--awb-color4);border-top-width:1px;\"><\/div><\/div><\/div><\/div><div class=\"fusion-layout-column fusion_builder_column fusion-builder-column-4 fusion_builder_column_1_1 1_1 fusion-flex-column\" style=\"--awb-bg-size:cover;--awb-width-large:100%;--awb-margin-top-large:0px;--awb-spacing-right-large:2.375%;--awb-margin-bottom-large:0px;--awb-spacing-left-large:2.375%;--awb-width-medium:100%;--awb-spacing-right-medium:2.375%;--awb-spacing-left-medium:2.375%;--awb-width-small:100%;--awb-spacing-right-small:2.375%;--awb-spacing-left-small:2.375%;\"><div class=\"fusion-column-wrapper fusion-column-has-shadow fusion-flex-justify-content-flex-start fusion-content-layout-column\"><div class=\"fusion-post-cards fusion-post-cards-1 fusion-grid-archive fusion-grid-columns-2\" style=\"--awb-column-spacing:70px;--awb-dots-align:center;--awb-columns:2;--awb-active-filter-border-size:3px;--awb-filters-height:36px;--awb-columns-medium:33.3333%;\" data-post-type-label=\"entradas\"><ul class=\"fusion-grid fusion-grid-2 fusion-flex-align-items-flex-start fusion-grid-posts-cards\"><li class=\"fusion-layout-column fusion_builder_column fusion-builder-column-5 fusion-flex-column post-card fusion-grid-column fusion-post-cards-grid-column\" style=\"--awb-bg-blend:overlay;--awb-bg-size:cover;--awb-border-color:var(--awb-color3);--awb-border-color-hover:var(--awb-color6);--awb-transform:scaleX(1) scaleY(1);--awb-transform-hover:scaleX(1.02) scaleY(1.02);--awb-flex-grow:0;--awb-flex-shrink:0;--awb-flex-grow-medium:0;--awb-flex-shrink-medium:0;--awb-flex-grow-small:0;--awb-flex-shrink-small:0;\"><div class=\"fusion-column-wrapper fusion-column-has-shadow fusion-flex-justify-content-flex-start fusion-content-layout-column\"><div class=\"fusion-image-element \" style=\"--awb-aspect-ratio: 100 \/ 73;--awb-margin-bottom:20px;--awb-caption-title-font-family:var(--h2_typography-font-family);--awb-caption-title-font-weight:var(--h2_typography-font-weight);--awb-caption-title-font-style:var(--h2_typography-font-style);--awb-caption-title-size:var(--h2_typography-font-size);--awb-caption-title-transform:var(--h2_typography-text-transform);--awb-caption-title-line-height:var(--h2_typography-line-height);--awb-caption-title-letter-spacing:var(--h2_typography-letter-spacing);\"><span class=\" fusion-imageframe imageframe-none imageframe-1 hover-type-none has-aspect-ratio\"><a class=\"fusion-no-lightbox\" href=\"https:\/\/residenciaescolarsanjose.com\/index.php\/2020\/10\/20\/4-different-ways-to-think-about-your-futur-retirement\/\" target=\"_self\" aria-label=\"phlab.midjourney_a_seven_year_old_boy_looking_at_a_magazine_&#8211;s_5e0ab234-2ba0-47e2-982a-244154f60b0d\"><img decoding=\"async\" width=\"1024\" height=\"1024\" src=\"https:\/\/residenciaescolarsanjose.com\/wp-content\/uploads\/2020\/10\/phlab.midjourney_a_seven_year_old_boy_looking_at_a_magazine_-s_5e0ab234-2ba0-47e2-982a-244154f60b0d.png\" data-orig-src=\"https:\/\/residenciaescolarsanjose.com\/wp-content\/uploads\/2020\/10\/phlab.midjourney_a_seven_year_old_boy_looking_at_a_magazine_-s_5e0ab234-2ba0-47e2-982a-244154f60b0d.png\" class=\"lazyload img-responsive wp-image-2654 img-with-aspect-ratio\" data-parent-fit=\"cover\" data-parent-container=\".fusion-image-element\" alt srcset=\"data:image\/svg+xml,%3Csvg%20xmlns%3D%27http%3A%2F%2Fwww.w3.org%2F2000%2Fsvg%27%20width%3D%271024%27%20height%3D%271024%27%20viewBox%3D%270%200%201024%201024%27%3E%3Crect%20width%3D%271024%27%20height%3D%271024%27%20fill-opacity%3D%220%22%2F%3E%3C%2Fsvg%3E\" data-srcset=\"https:\/\/residenciaescolarsanjose.com\/wp-content\/uploads\/2020\/10\/phlab.midjourney_a_seven_year_old_boy_looking_at_a_magazine_-s_5e0ab234-2ba0-47e2-982a-244154f60b0d-200x200.png 200w, https:\/\/residenciaescolarsanjose.com\/wp-content\/uploads\/2020\/10\/phlab.midjourney_a_seven_year_old_boy_looking_at_a_magazine_-s_5e0ab234-2ba0-47e2-982a-244154f60b0d-400x400.png 400w, https:\/\/residenciaescolarsanjose.com\/wp-content\/uploads\/2020\/10\/phlab.midjourney_a_seven_year_old_boy_looking_at_a_magazine_-s_5e0ab234-2ba0-47e2-982a-244154f60b0d-600x600.png 600w, https:\/\/residenciaescolarsanjose.com\/wp-content\/uploads\/2020\/10\/phlab.midjourney_a_seven_year_old_boy_looking_at_a_magazine_-s_5e0ab234-2ba0-47e2-982a-244154f60b0d-800x800.png 800w, https:\/\/residenciaescolarsanjose.com\/wp-content\/uploads\/2020\/10\/phlab.midjourney_a_seven_year_old_boy_looking_at_a_magazine_-s_5e0ab234-2ba0-47e2-982a-244154f60b0d.png 1024w\" data-sizes=\"auto\" data-orig-sizes=\"(max-width: 700px) 100vw, 1024px\" \/><\/a><\/span><\/div><div class=\"fusion-title title fusion-title-2 fusion-sep-none fusion-title-text fusion-title-size-two\" style=\"--awb-margin-top:0px;--awb-margin-right:6%;--awb-margin-bottom:0px;--awb-margin-left:3%;--awb-margin-right-small:3%;--awb-margin-left-small:3%;\"><h2 class=\"fusion-title-heading title-heading-left\" style=\"margin:0;\"><a href=\"https:\/\/residenciaescolarsanjose.com\/index.php\/2020\/10\/20\/4-different-ways-to-think-about-your-futur-retirement\/\" class=\"awb-custom-text-color awb-custom-text-hover-color\" target=\"_self\">La importancia de la lectura<\/a><\/h2><\/div><div class=\"fusion-title title fusion-title-3 fusion-sep-none fusion-title-text fusion-title-size-five\" style=\"--awb-margin-top:0px;--awb-margin-right:6%;--awb-margin-bottom:0px;--awb-margin-left:3%;--awb-margin-left-small:3%;--awb-link-color:var(--awb-color5);--awb-link-hover-color:hsla(var(--awb-color5-h),var(--awb-color5-s),calc(var(--awb-color5-l) + 7%),var(--awb-color5-a));--awb-font-size:var(--awb-typography3-font-size);\"><h5 class=\"fusion-title-heading title-heading-left\" style=\"font-family:var(--awb-typography3-font-family);font-weight:var(--awb-typography3-font-weight);font-style:var(--awb-typography3-font-style);margin:0;letter-spacing:var(--awb-typography3-letter-spacing);text-transform:var(--awb-typography3-text-transform);font-size:1em;line-height:var(--awb-typography3-line-height);\"><a href=\"https:\/\/residenciaescolarsanjose.com\/index.php\/2020\/10\/20\/4-different-ways-to-think-about-your-futur-retirement\/\" class=\"awb-custom-text-color awb-custom-text-hover-color\" target=\"_self\">Continue reading<\/a><\/h5><\/div><\/div><\/li>\n<li class=\"fusion-layout-column fusion_builder_column fusion-builder-column-6 fusion-flex-column post-card fusion-grid-column fusion-post-cards-grid-column\" style=\"--awb-bg-blend:overlay;--awb-bg-size:cover;--awb-border-color:var(--awb-color3);--awb-border-color-hover:var(--awb-color6);--awb-transform:scaleX(1) scaleY(1);--awb-transform-hover:scaleX(1.02) scaleY(1.02);--awb-flex-grow:0;--awb-flex-shrink:0;--awb-flex-grow-medium:0;--awb-flex-shrink-medium:0;--awb-flex-grow-small:0;--awb-flex-shrink-small:0;\"><div class=\"fusion-column-wrapper fusion-column-has-shadow fusion-flex-justify-content-flex-start fusion-content-layout-column\"><div class=\"fusion-image-element \" style=\"--awb-aspect-ratio: 100 \/ 73;--awb-margin-bottom:20px;--awb-caption-title-font-family:var(--h2_typography-font-family);--awb-caption-title-font-weight:var(--h2_typography-font-weight);--awb-caption-title-font-style:var(--h2_typography-font-style);--awb-caption-title-size:var(--h2_typography-font-size);--awb-caption-title-transform:var(--h2_typography-text-transform);--awb-caption-title-line-height:var(--h2_typography-line-height);--awb-caption-title-letter-spacing:var(--h2_typography-letter-spacing);\"><span class=\" fusion-imageframe imageframe-none imageframe-2 hover-type-none has-aspect-ratio\"><a class=\"fusion-no-lightbox\" href=\"https:\/\/residenciaescolarsanjose.com\/index.php\/2020\/10\/20\/how-is-the-pandemic-affecting-the-way-people-date\/\" target=\"_self\" aria-label=\"apottruff_a_young_child_in_grade_3_eating_lunch_at_school_with__72574829-9972-4c65-ba94-b7bf73438399\"><img decoding=\"async\" width=\"1344\" height=\"896\" src=\"https:\/\/residenciaescolarsanjose.com\/wp-content\/uploads\/2020\/10\/apottruff_a_young_child_in_grade_3_eating_lunch_at_school_with__72574829-9972-4c65-ba94-b7bf73438399.png\" data-orig-src=\"https:\/\/residenciaescolarsanjose.com\/wp-content\/uploads\/2020\/10\/apottruff_a_young_child_in_grade_3_eating_lunch_at_school_with__72574829-9972-4c65-ba94-b7bf73438399.png\" class=\"lazyload img-responsive wp-image-2652 img-with-aspect-ratio\" data-parent-fit=\"cover\" data-parent-container=\".fusion-image-element\" alt srcset=\"data:image\/svg+xml,%3Csvg%20xmlns%3D%27http%3A%2F%2Fwww.w3.org%2F2000%2Fsvg%27%20width%3D%271344%27%20height%3D%27896%27%20viewBox%3D%270%200%201344%20896%27%3E%3Crect%20width%3D%271344%27%20height%3D%27896%27%20fill-opacity%3D%220%22%2F%3E%3C%2Fsvg%3E\" data-srcset=\"https:\/\/residenciaescolarsanjose.com\/wp-content\/uploads\/2020\/10\/apottruff_a_young_child_in_grade_3_eating_lunch_at_school_with__72574829-9972-4c65-ba94-b7bf73438399-200x133.png 200w, https:\/\/residenciaescolarsanjose.com\/wp-content\/uploads\/2020\/10\/apottruff_a_young_child_in_grade_3_eating_lunch_at_school_with__72574829-9972-4c65-ba94-b7bf73438399-400x267.png 400w, https:\/\/residenciaescolarsanjose.com\/wp-content\/uploads\/2020\/10\/apottruff_a_young_child_in_grade_3_eating_lunch_at_school_with__72574829-9972-4c65-ba94-b7bf73438399-600x400.png 600w, https:\/\/residenciaescolarsanjose.com\/wp-content\/uploads\/2020\/10\/apottruff_a_young_child_in_grade_3_eating_lunch_at_school_with__72574829-9972-4c65-ba94-b7bf73438399-800x533.png 800w, https:\/\/residenciaescolarsanjose.com\/wp-content\/uploads\/2020\/10\/apottruff_a_young_child_in_grade_3_eating_lunch_at_school_with__72574829-9972-4c65-ba94-b7bf73438399-1200x800.png 1200w, https:\/\/residenciaescolarsanjose.com\/wp-content\/uploads\/2020\/10\/apottruff_a_young_child_in_grade_3_eating_lunch_at_school_with__72574829-9972-4c65-ba94-b7bf73438399.png 1344w\" data-sizes=\"auto\" data-orig-sizes=\"(max-width: 700px) 100vw, 1344px\" \/><\/a><\/span><\/div><div class=\"fusion-title title fusion-title-4 fusion-sep-none fusion-title-text fusion-title-size-two\" style=\"--awb-margin-top:0px;--awb-margin-right:6%;--awb-margin-bottom:0px;--awb-margin-left:3%;--awb-margin-right-small:3%;--awb-margin-left-small:3%;\"><h2 class=\"fusion-title-heading title-heading-left\" style=\"margin:0;\"><a href=\"https:\/\/residenciaescolarsanjose.com\/index.php\/2020\/10\/20\/how-is-the-pandemic-affecting-the-way-people-date\/\" class=\"awb-custom-text-color awb-custom-text-hover-color\" target=\"_self\">C\u00f3mo influye la alimentaci\u00f3n en la vida escolar<\/a><\/h2><\/div><div class=\"fusion-title title fusion-title-5 fusion-sep-none fusion-title-text fusion-title-size-five\" style=\"--awb-margin-top:0px;--awb-margin-right:6%;--awb-margin-bottom:0px;--awb-margin-left:3%;--awb-margin-left-small:3%;--awb-link-color:var(--awb-color5);--awb-link-hover-color:hsla(var(--awb-color5-h),var(--awb-color5-s),calc(var(--awb-color5-l) + 7%),var(--awb-color5-a));--awb-font-size:var(--awb-typography3-font-size);\"><h5 class=\"fusion-title-heading title-heading-left\" style=\"font-family:var(--awb-typography3-font-family);font-weight:var(--awb-typography3-font-weight);font-style:var(--awb-typography3-font-style);margin:0;letter-spacing:var(--awb-typography3-letter-spacing);text-transform:var(--awb-typography3-text-transform);font-size:1em;line-height:var(--awb-typography3-line-height);\"><a href=\"https:\/\/residenciaescolarsanjose.com\/index.php\/2020\/10\/20\/how-is-the-pandemic-affecting-the-way-people-date\/\" class=\"awb-custom-text-color awb-custom-text-hover-color\" target=\"_self\">Continue reading<\/a><\/h5><\/div><\/div><\/li>\n<li class=\"fusion-layout-column fusion_builder_column fusion-builder-column-7 fusion-flex-column post-card fusion-grid-column fusion-post-cards-grid-column\" style=\"--awb-bg-blend:overlay;--awb-bg-size:cover;--awb-border-color:var(--awb-color3);--awb-border-color-hover:var(--awb-color6);--awb-transform:scaleX(1) scaleY(1);--awb-transform-hover:scaleX(1.02) scaleY(1.02);--awb-flex-grow:0;--awb-flex-shrink:0;--awb-flex-grow-medium:0;--awb-flex-shrink-medium:0;--awb-flex-grow-small:0;--awb-flex-shrink-small:0;\"><div class=\"fusion-column-wrapper fusion-column-has-shadow fusion-flex-justify-content-flex-start fusion-content-layout-column\"><div class=\"fusion-image-element \" style=\"--awb-aspect-ratio: 100 \/ 73;--awb-margin-bottom:20px;--awb-caption-title-font-family:var(--h2_typography-font-family);--awb-caption-title-font-weight:var(--h2_typography-font-weight);--awb-caption-title-font-style:var(--h2_typography-font-style);--awb-caption-title-size:var(--h2_typography-font-size);--awb-caption-title-transform:var(--h2_typography-text-transform);--awb-caption-title-line-height:var(--h2_typography-line-height);--awb-caption-title-letter-spacing:var(--h2_typography-letter-spacing);\"><span class=\" fusion-imageframe imageframe-none imageframe-3 hover-type-none has-aspect-ratio\"><a class=\"fusion-no-lightbox\" href=\"https:\/\/residenciaescolarsanjose.com\/index.php\/2020\/09\/24\/impact-of-the-immune-system-on-the-brain-of-children\/\" target=\"_self\" aria-label=\"jes2win_A_cluster_of_young_adventurers_trekking_through_a_capti_82ab7663-23c7-4b58-b18a-a6287b75eee0\"><img decoding=\"async\" width=\"1344\" height=\"896\" src=\"https:\/\/residenciaescolarsanjose.com\/wp-content\/uploads\/2020\/09\/jes2win_A_cluster_of_young_adventurers_trekking_through_a_capti_82ab7663-23c7-4b58-b18a-a6287b75eee0.png\" data-orig-src=\"https:\/\/residenciaescolarsanjose.com\/wp-content\/uploads\/2020\/09\/jes2win_A_cluster_of_young_adventurers_trekking_through_a_capti_82ab7663-23c7-4b58-b18a-a6287b75eee0.png\" class=\"lazyload img-responsive wp-image-2660 img-with-aspect-ratio\" data-parent-fit=\"cover\" data-parent-container=\".fusion-image-element\" alt srcset=\"data:image\/svg+xml,%3Csvg%20xmlns%3D%27http%3A%2F%2Fwww.w3.org%2F2000%2Fsvg%27%20width%3D%271344%27%20height%3D%27896%27%20viewBox%3D%270%200%201344%20896%27%3E%3Crect%20width%3D%271344%27%20height%3D%27896%27%20fill-opacity%3D%220%22%2F%3E%3C%2Fsvg%3E\" data-srcset=\"https:\/\/residenciaescolarsanjose.com\/wp-content\/uploads\/2020\/09\/jes2win_A_cluster_of_young_adventurers_trekking_through_a_capti_82ab7663-23c7-4b58-b18a-a6287b75eee0-200x133.png 200w, https:\/\/residenciaescolarsanjose.com\/wp-content\/uploads\/2020\/09\/jes2win_A_cluster_of_young_adventurers_trekking_through_a_capti_82ab7663-23c7-4b58-b18a-a6287b75eee0-400x267.png 400w, https:\/\/residenciaescolarsanjose.com\/wp-content\/uploads\/2020\/09\/jes2win_A_cluster_of_young_adventurers_trekking_through_a_capti_82ab7663-23c7-4b58-b18a-a6287b75eee0-600x400.png 600w, https:\/\/residenciaescolarsanjose.com\/wp-content\/uploads\/2020\/09\/jes2win_A_cluster_of_young_adventurers_trekking_through_a_capti_82ab7663-23c7-4b58-b18a-a6287b75eee0-800x533.png 800w, https:\/\/residenciaescolarsanjose.com\/wp-content\/uploads\/2020\/09\/jes2win_A_cluster_of_young_adventurers_trekking_through_a_capti_82ab7663-23c7-4b58-b18a-a6287b75eee0-1200x800.png 1200w, https:\/\/residenciaescolarsanjose.com\/wp-content\/uploads\/2020\/09\/jes2win_A_cluster_of_young_adventurers_trekking_through_a_capti_82ab7663-23c7-4b58-b18a-a6287b75eee0.png 1344w\" data-sizes=\"auto\" data-orig-sizes=\"(max-width: 700px) 100vw, 1344px\" \/><\/a><\/span><\/div><div class=\"fusion-title title fusion-title-6 fusion-sep-none fusion-title-text fusion-title-size-two\" style=\"--awb-margin-top:0px;--awb-margin-right:6%;--awb-margin-bottom:0px;--awb-margin-left:3%;--awb-margin-right-small:3%;--awb-margin-left-small:3%;\"><h2 class=\"fusion-title-heading title-heading-left\" style=\"margin:0;\"><a href=\"https:\/\/residenciaescolarsanjose.com\/index.php\/2020\/09\/24\/impact-of-the-immune-system-on-the-brain-of-children\/\" class=\"awb-custom-text-color awb-custom-text-hover-color\" target=\"_self\">Impacto del sistema inmune en el cerebro de los ni\u00f1os<\/a><\/h2><\/div><div class=\"fusion-title title fusion-title-7 fusion-sep-none fusion-title-text fusion-title-size-five\" style=\"--awb-margin-top:0px;--awb-margin-right:6%;--awb-margin-bottom:0px;--awb-margin-left:3%;--awb-margin-left-small:3%;--awb-link-color:var(--awb-color5);--awb-link-hover-color:hsla(var(--awb-color5-h),var(--awb-color5-s),calc(var(--awb-color5-l) + 7%),var(--awb-color5-a));--awb-font-size:var(--awb-typography3-font-size);\"><h5 class=\"fusion-title-heading title-heading-left\" style=\"font-family:var(--awb-typography3-font-family);font-weight:var(--awb-typography3-font-weight);font-style:var(--awb-typography3-font-style);margin:0;letter-spacing:var(--awb-typography3-letter-spacing);text-transform:var(--awb-typography3-text-transform);font-size:1em;line-height:var(--awb-typography3-line-height);\"><a href=\"https:\/\/residenciaescolarsanjose.com\/index.php\/2020\/09\/24\/impact-of-the-immune-system-on-the-brain-of-children\/\" class=\"awb-custom-text-color awb-custom-text-hover-color\" target=\"_self\">Continue reading<\/a><\/h5><\/div><\/div><\/li>\n<\/ul><\/div><\/div><\/div><\/div><\/div>\n","protected":false},"excerpt":{"rendered":"","protected":false},"author":1,"featured_media":2127,"parent":0,"menu_order":0,"comment_status":"closed","ping_status":"closed","template":"100-width.php","meta":{"content-type":"","footnotes":""},"class_list":["post-1142","page","type-page","status-publish","has-post-thumbnail","hentry"],"_links":{"self":[{"href":"https:\/\/residenciaescolarsanjose.com\/index.php\/wp-json\/wp\/v2\/pages\/1142","targetHints":{"allow":["GET"]}}],"collection":[{"href":"https:\/\/residenciaescolarsanjose.com\/index.php\/wp-json\/wp\/v2\/pages"}],"about":[{"href":"https:\/\/residenciaescolarsanjose.com\/index.php\/wp-json\/wp\/v2\/types\/page"}],"author":[{"embeddable":true,"href":"https:\/\/residenciaescolarsanjose.com\/index.php\/wp-json\/wp\/v2\/users\/1"}],"replies":[{"embeddable":true,"href":"https:\/\/residenciaescolarsanjose.com\/index.php\/wp-json\/wp\/v2\/comments?post=1142"}],"version-history":[{"count":5,"href":"https:\/\/residenciaescolarsanjose.com\/index.php\/wp-json\/wp\/v2\/pages\/1142\/revisions"}],"predecessor-version":[{"id":2342,"href":"https:\/\/residenciaescolarsanjose.com\/index.php\/wp-json\/wp\/v2\/pages\/1142\/revisions\/2342"}],"wp:featuredmedia":[{"embeddable":true,"href":"https:\/\/residenciaescolarsanjose.com\/index.php\/wp-json\/wp\/v2\/media\/2127"}],"wp:attachment":[{"href":"https:\/\/residenciaescolarsanjose.com\/index.php\/wp-json\/wp\/v2\/media?parent=1142"}],"curies":[{"name":"wp","href":"https:\/\/api.w.org\/{rel}","templated":true}]}}